{"id":66,"date":"2013-03-12T12:29:44","date_gmt":"2013-03-12T11:29:44","guid":{"rendered":"http:\/\/zehentmaier.de\/?page_id=66"},"modified":"2025-03-31T10:37:34","modified_gmt":"2025-03-31T08:37:34","slug":"vorstellung","status":"publish","type":"page","link":"https:\/\/zehentmaier.de\/?page_id=66","title":{"rendered":"Vorstellung"},"content":{"rendered":"<blockquote>\n<h2>Christoph Zehentmaier<\/h2>\n<h2><a href=\"https:\/\/zehentmaier.de\/wp-content\/uploads\/2025\/03\/PXL_20240831_074928960.PORTRAIT-scaled.jpg\"><img loading=\"lazy\" decoding=\"async\" class=\"alignnone size-medium wp-image-435\" src=\"https:\/\/zehentmaier.de\/wp-content\/uploads\/2025\/03\/PXL_20240831_074928960.PORTRAIT-225x300.jpg\" alt=\"\" width=\"225\" height=\"300\" srcset=\"https:\/\/zehentmaier.de\/wp-content\/uploads\/2025\/03\/PXL_20240831_074928960.PORTRAIT-225x300.jpg 225w, https:\/\/zehentmaier.de\/wp-content\/uploads\/2025\/03\/PXL_20240831_074928960.PORTRAIT-768x1024.jpg 768w, https:\/\/zehentmaier.de\/wp-content\/uploads\/2025\/03\/PXL_20240831_074928960.PORTRAIT-1152x1536.jpg 1152w, https:\/\/zehentmaier.de\/wp-content\/uploads\/2025\/03\/PXL_20240831_074928960.PORTRAIT-1536x2048.jpg 1536w, https:\/\/zehentmaier.de\/wp-content\/uploads\/2025\/03\/PXL_20240831_074928960.PORTRAIT-scaled.jpg 1920w\" sizes=\"auto, (max-width: 225px) 100vw, 225px\" \/><\/a> -IT-System-\u00d6konom (VWA)<\/h2>\n<p>-Projektmanager IPMA\/GPM Level-D<br \/>\n-certified Scrum Master (PSM-I)<br \/>\n-Datenschutzbeauftrager (T\u00dcV)<br \/>\n-ITIL Found. zertifiziert (T\u00dcV)<br \/>\n-Datenverarbeitungskaufmann<br \/>\n-Betriebswirt IHK<br \/>\n-Ausbildereignunspr\u00fcfung (AdA)<\/p><\/blockquote>\n<blockquote><p>-IT-Erfahrung seit 1988<br \/>\n-Microsoft Certified Systems Engineer<br \/>\n-Mehrj\u00e4rige Projektleitungserfahrung<br \/>\n-Mehrj\u00e4hrige Dozentent\u00e4tigkeiten<br \/>\n-Mehrj\u00e4hrige Erfahrung im Bereich IT-Support<br \/>\n-Vertrieb und Verkauf von IT und Telefondienstleistungen<\/p><\/blockquote>\n","protected":false},"excerpt":{"rendered":"<p>Christoph Zehentmaier -IT-System-\u00d6konom (VWA) -Projektmanager IPMA\/GPM Level-D -certified Scrum Master (PSM-I) -Datenschutzbeauftrager (T\u00dcV) -ITIL Found. zertifiziert (T\u00dcV) -Datenverarbeitungskaufmann -Betriebswirt IHK -Ausbildereignunspr\u00fcfung (AdA) -IT-Erfahrung seit 1988 -Microsoft Certified Systems Engineer -Mehrj\u00e4rige Projektleitungserfahrung -Mehrj\u00e4hrige Dozentent\u00e4tigkeiten -Mehrj\u00e4hrige Erfahrung im Bereich IT-Support -Vertrieb und&hellip; <\/p>\n","protected":false},"author":2,"featured_media":0,"parent":32,"menu_order":0,"comment_status":"closed","ping_status":"closed","template":"","meta":{"footnotes":""},"class_list":["post-66","page","type-page","status-publish","hentry"],"_links":{"self":[{"href":"https:\/\/zehentmaier.de\/index.php?rest_route=\/wp\/v2\/pages\/66","targetHints":{"allow":["GET"]}}],"collection":[{"href":"https:\/\/zehentmaier.de\/index.php?rest_route=\/wp\/v2\/pages"}],"about":[{"href":"https:\/\/zehentmaier.de\/index.php?rest_route=\/wp\/v2\/types\/page"}],"author":[{"embeddable":true,"href":"https:\/\/zehentmaier.de\/index.php?rest_route=\/wp\/v2\/users\/2"}],"replies":[{"embeddable":true,"href":"https:\/\/zehentmaier.de\/index.php?rest_route=%2Fwp%2Fv2%2Fcomments&post=66"}],"version-history":[{"count":32,"href":"https:\/\/zehentmaier.de\/index.php?rest_route=\/wp\/v2\/pages\/66\/revisions"}],"predecessor-version":[{"id":436,"href":"https:\/\/zehentmaier.de\/index.php?rest_route=\/wp\/v2\/pages\/66\/revisions\/436"}],"up":[{"embeddable":true,"href":"https:\/\/zehentmaier.de\/index.php?rest_route=\/wp\/v2\/pages\/32"}],"wp:attachment":[{"href":"https:\/\/zehentmaier.de\/index.php?rest_route=%2Fwp%2Fv2%2Fmedia&parent=66"}],"curies":[{"name":"wp","href":"https:\/\/api.w.org\/{rel}","templated":true}]}}