{"id":21,"date":"2013-03-11T20:32:25","date_gmt":"2013-03-11T19:32:25","guid":{"rendered":"http:\/\/zehentmaier.de\/?page_id=21"},"modified":"2023-12-22T07:51:51","modified_gmt":"2023-12-22T06:51:51","slug":"impressum","status":"publish","type":"page","link":"https:\/\/zehentmaier.de\/?page_id=21","title":{"rendered":"Impressum"},"content":{"rendered":"<h2><b>Anschrift<\/b><\/h2>\n<p><strong>EDV &amp; Kommunikation, Christoph Zehentmaier<\/strong><br \/>\nAm Fuldaer Berg 21, 36148 Kalbach<br \/>\nTel. 06655-918140<br \/>\ne-Mail-Adresse: info@zehentmaier.de<br \/>\nInternetadresse: www.zehentmaier.de<\/p>\n<h2><b>Autor, Inhaltlich verantwortlich \/ Admin-C<\/b><\/h2>\n<p>Christoph Zehentmaier<\/p>\n<h2><b>Tech-C\/Hosting<\/b><\/h2>\n<p>1&amp;1 IONOS SE<br \/>\nElgendorfer Stra\u00dfe 57<br \/>\n56410 Montabaur<\/p>\n<h2><strong>Haftungsauschlu\u00df<\/strong><\/h2>\n<p>Mit Urteil vom 12. Mai 1998 &#8211; 312 O 85\/98 &#8211; Haftung fuer Links hat das Landgericht (LG) Hamburg entschieden, dass man durch die Anbringung eines Links, die Inhalte der gelinkten Seite ggf. mit zu verantworten hat. Dies kann &#8211; so das LG &#8211; nur dadurch verhindert werden, dass man sich ausdr\u00fccklich von diesen Inhalten distanziert. Wir betonen daher nochmals, dass wir keinerlei Einfluss auf die Gestaltung und Inhalte evtl. verlinkter Webpages haben. Deshalb distanzieren wir uns hiermit ausdr\u00fccklich von allen Inhalten aller verlinkter Webseiten auf der gesamten Website inkl. aller Unterseiten und deren Unterlinks oder anderen Weiterleitungsmechanismen. Diese Erkl\u00e4rung gilt f\u00fcr alle auf dieser Homepage ausgebrachten Links und f\u00fcr alle Inhalte der Seiten, zu denen Links, Banner oder sonstige Verkn\u00fcpfungen fuehren.<\/p>\n<p>Inhaltlich Verantwortlicher gem\u00e4\u00df \u00a7 10 Absatz 3 MDStV: Christoph Zehentmaier. (Anschrift wie oben)<\/p>\n<p><strong>Haftungshinweis:<\/strong> Trotz sorgf\u00e4ltiger inhaltlicher Kontrolle \u00fcbernehmen wir keine Haftung f\u00fcr die Inhalte externer Links. F\u00fcr den Inhalt der verlinkten Seiten sind ausschlie\u00dflich deren Betreiber verantwortlich.<\/p>\n","protected":false},"excerpt":{"rendered":"<p>Anschrift EDV &amp; Kommunikation, Christoph Zehentmaier Am Fuldaer Berg 21, 36148 Kalbach Tel. 06655-918140 e-Mail-Adresse: info@zehentmaier.de Internetadresse: www.zehentmaier.de Autor, Inhaltlich verantwortlich \/ Admin-C Christoph Zehentmaier Tech-C\/Hosting 1&amp;1 IONOS SE Elgendorfer Stra\u00dfe 57 56410 Montabaur Haftungsauschlu\u00df Mit Urteil vom 12. Mai&hellip; <\/p>\n","protected":false},"author":2,"featured_media":0,"parent":32,"menu_order":0,"comment_status":"closed","ping_status":"closed","template":"","meta":{"footnotes":""},"class_list":["post-21","page","type-page","status-publish","hentry"],"_links":{"self":[{"href":"https:\/\/zehentmaier.de\/index.php?rest_route=\/wp\/v2\/pages\/21","targetHints":{"allow":["GET"]}}],"collection":[{"href":"https:\/\/zehentmaier.de\/index.php?rest_route=\/wp\/v2\/pages"}],"about":[{"href":"https:\/\/zehentmaier.de\/index.php?rest_route=\/wp\/v2\/types\/page"}],"author":[{"embeddable":true,"href":"https:\/\/zehentmaier.de\/index.php?rest_route=\/wp\/v2\/users\/2"}],"replies":[{"embeddable":true,"href":"https:\/\/zehentmaier.de\/index.php?rest_route=%2Fwp%2Fv2%2Fcomments&post=21"}],"version-history":[{"count":7,"href":"https:\/\/zehentmaier.de\/index.php?rest_route=\/wp\/v2\/pages\/21\/revisions"}],"predecessor-version":[{"id":392,"href":"https:\/\/zehentmaier.de\/index.php?rest_route=\/wp\/v2\/pages\/21\/revisions\/392"}],"up":[{"embeddable":true,"href":"https:\/\/zehentmaier.de\/index.php?rest_route=\/wp\/v2\/pages\/32"}],"wp:attachment":[{"href":"https:\/\/zehentmaier.de\/index.php?rest_route=%2Fwp%2Fv2%2Fmedia&parent=21"}],"curies":[{"name":"wp","href":"https:\/\/api.w.org\/{rel}","templated":true}]}}